{"id":5298,"date":"2024-09-13T14:02:17","date_gmt":"2024-09-13T14:02:17","guid":{"rendered":"https:\/\/nyc.uncommonschools.org\/?page_id=5298"},"modified":"2024-12-13T20:09:54","modified_gmt":"2024-12-13T20:09:54","slug":"25-26-school-year-enrollment-meta-rollover","status":"publish","type":"page","link":"https:\/\/nyc.uncommonschools.org\/vi\/25-26-school-year-enrollment-meta-rollover\/","title":{"rendered":"Chuy\u1ec3n ti\u1ebfp tuy\u1ec3n sinh n\u0103m h\u1ecdc 25-26"},"content":{"rendered":"<p>&nbsp;<\/p>\n<div id=\"awebChromeHelper\" data-version=\"1.23.6\"><\/div>","protected":false},"excerpt":{"rendered":"<p>&nbsp;<\/p>","protected":false},"author":15,"featured_media":0,"parent":0,"menu_order":0,"comment_status":"closed","ping_status":"closed","template":"","meta":{"_acf_changed":false,"_monsterinsights_skip_tracking":false,"_monsterinsights_sitenote_active":false,"_monsterinsights_sitenote_note":"","_monsterinsights_sitenote_category":0,"footnotes":""},"class_list":["post-5298","page","type-page","status-publish","hentry"],"acf":[],"yoast_head":"<!-- This site is optimized with the Yoast SEO plugin v27.2 - https:\/\/yoast.com\/product\/yoast-seo-wordpress\/ -->\n<title>25-26 School Year Enrollment Meta Rollover - Uncommon Schools New York City<\/title>\n<meta name=\"robots\" content=\"index, follow, max-snippet:-1, max-image-preview:large, max-video-preview:-1\" \/>\n<link rel=\"canonical\" href=\"https:\/\/nyc.uncommonschools.org\/vi\/25-26-school-year-enrollment-meta-rollover\/\" \/>\n<meta property=\"og:locale\" content=\"vi_VN\" \/>\n<meta property=\"og:type\" content=\"article\" \/>\n<meta property=\"og:title\" content=\"25-26 School Year Enrollment Meta Rollover - Uncommon Schools New York City\" \/>\n<meta property=\"og:description\" content=\"&nbsp;\" \/>\n<meta property=\"og:url\" content=\"https:\/\/nyc.uncommonschools.org\/vi\/25-26-school-year-enrollment-meta-rollover\/\" \/>\n<meta property=\"og:site_name\" content=\"Uncommon Schools New York City\" \/>\n<meta property=\"article:modified_time\" content=\"2024-12-13T20:09:54+00:00\" \/>\n<meta name=\"twitter:card\" content=\"summary_large_image\" \/>\n<script type=\"application\/ld+json\" class=\"yoast-schema-graph\">{\"@context\":\"https:\/\/schema.org\",\"@graph\":[{\"@type\":\"WebPage\",\"@id\":\"https:\/\/nyc.uncommonschools.org\/25-26-school-year-enrollment-meta-rollover\/\",\"url\":\"https:\/\/nyc.uncommonschools.org\/25-26-school-year-enrollment-meta-rollover\/\",\"name\":\"25-26 School Year Enrollment Meta Rollover - Uncommon Schools New York City\",\"isPartOf\":{\"@id\":\"https:\/\/nyc.uncommonschools.org\/es\/#website\"},\"datePublished\":\"2024-09-13T14:02:17+00:00\",\"dateModified\":\"2024-12-13T20:09:54+00:00\",\"breadcrumb\":{\"@id\":\"https:\/\/nyc.uncommonschools.org\/25-26-school-year-enrollment-meta-rollover\/#breadcrumb\"},\"inLanguage\":\"vi\",\"potentialAction\":[{\"@type\":\"ReadAction\",\"target\":[\"https:\/\/nyc.uncommonschools.org\/25-26-school-year-enrollment-meta-rollover\/\"]}]},{\"@type\":\"BreadcrumbList\",\"@id\":\"https:\/\/nyc.uncommonschools.org\/25-26-school-year-enrollment-meta-rollover\/#breadcrumb\",\"itemListElement\":[{\"@type\":\"ListItem\",\"position\":1,\"name\":\"Home\",\"item\":\"https:\/\/nyc.uncommonschools.org\/\"},{\"@type\":\"ListItem\",\"position\":2,\"name\":\"25-26 School Year Enrollment Meta Rollover\"}]},{\"@type\":\"WebSite\",\"@id\":\"https:\/\/nyc.uncommonschools.org\/es\/#website\",\"url\":\"https:\/\/nyc.uncommonschools.org\/es\/\",\"name\":\"Uncommon Schools New York City\",\"description\":\"\",\"potentialAction\":[{\"@type\":\"SearchAction\",\"target\":{\"@type\":\"EntryPoint\",\"urlTemplate\":\"https:\/\/nyc.uncommonschools.org\/es\/?s={search_term_string}\"},\"query-input\":{\"@type\":\"PropertyValueSpecification\",\"valueRequired\":true,\"valueName\":\"search_term_string\"}}],\"inLanguage\":\"vi\"}]}<\/script>\n<!-- \/ Yoast SEO plugin. -->","yoast_head_json":{"title":"N\u0103m h\u1ecdc 2025-2026: Chuy\u1ec3n ti\u1ebfp danh s\u00e1ch \u0111\u0103ng k\u00fd - H\u1ec7 th\u1ed1ng tr\u01b0\u1eddng h\u1ecdc Uncommon Schools t\u1ea1i Th\u00e0nh ph\u1ed1 New York","robots":{"index":"index","follow":"follow","max-snippet":"max-snippet:-1","max-image-preview":"max-image-preview:large","max-video-preview":"max-video-preview:-1"},"canonical":"https:\/\/nyc.uncommonschools.org\/vi\/25-26-school-year-enrollment-meta-rollover\/","og_locale":"vi_VN","og_type":"article","og_title":"25-26 School Year Enrollment Meta Rollover - Uncommon Schools New York City","og_description":"&nbsp;","og_url":"https:\/\/nyc.uncommonschools.org\/vi\/25-26-school-year-enrollment-meta-rollover\/","og_site_name":"Uncommon Schools New York City","article_modified_time":"2024-12-13T20:09:54+00:00","twitter_card":"summary_large_image","schema":{"@context":"https:\/\/schema.org","@graph":[{"@type":"WebPage","@id":"https:\/\/nyc.uncommonschools.org\/25-26-school-year-enrollment-meta-rollover\/","url":"https:\/\/nyc.uncommonschools.org\/25-26-school-year-enrollment-meta-rollover\/","name":"N\u0103m h\u1ecdc 2025-2026: Chuy\u1ec3n ti\u1ebfp danh s\u00e1ch \u0111\u0103ng k\u00fd - H\u1ec7 th\u1ed1ng tr\u01b0\u1eddng h\u1ecdc Uncommon Schools t\u1ea1i Th\u00e0nh ph\u1ed1 New York","isPartOf":{"@id":"https:\/\/nyc.uncommonschools.org\/es\/#website"},"datePublished":"2024-09-13T14:02:17+00:00","dateModified":"2024-12-13T20:09:54+00:00","breadcrumb":{"@id":"https:\/\/nyc.uncommonschools.org\/25-26-school-year-enrollment-meta-rollover\/#breadcrumb"},"inLanguage":"vi","potentialAction":[{"@type":"ReadAction","target":["https:\/\/nyc.uncommonschools.org\/25-26-school-year-enrollment-meta-rollover\/"]}]},{"@type":"BreadcrumbList","@id":"https:\/\/nyc.uncommonschools.org\/25-26-school-year-enrollment-meta-rollover\/#breadcrumb","itemListElement":[{"@type":"ListItem","position":1,"name":"Home","item":"https:\/\/nyc.uncommonschools.org\/"},{"@type":"ListItem","position":2,"name":"25-26 School Year Enrollment Meta Rollover"}]},{"@type":"WebSite","@id":"https:\/\/nyc.uncommonschools.org\/es\/#website","url":"https:\/\/nyc.uncommonschools.org\/es\/","name":"Tr\u01b0\u1eddng h\u1ecdc kh\u00f4ng ph\u1ed5 bi\u1ebfn \u1edf th\u00e0nh ph\u1ed1 New York","description":"","potentialAction":[{"@type":"SearchAction","target":{"@type":"EntryPoint","urlTemplate":"https:\/\/nyc.uncommonschools.org\/es\/?s={search_term_string}"},"query-input":{"@type":"PropertyValueSpecification","valueRequired":true,"valueName":"search_term_string"}}],"inLanguage":"vi"}]}},"_links":{"self":[{"href":"https:\/\/nyc.uncommonschools.org\/vi\/wp-json\/wp\/v2\/pages\/5298","targetHints":{"allow":["GET"]}}],"collection":[{"href":"https:\/\/nyc.uncommonschools.org\/vi\/wp-json\/wp\/v2\/pages"}],"about":[{"href":"https:\/\/nyc.uncommonschools.org\/vi\/wp-json\/wp\/v2\/types\/page"}],"author":[{"embeddable":true,"href":"https:\/\/nyc.uncommonschools.org\/vi\/wp-json\/wp\/v2\/users\/15"}],"replies":[{"embeddable":true,"href":"https:\/\/nyc.uncommonschools.org\/vi\/wp-json\/wp\/v2\/comments?post=5298"}],"version-history":[{"count":0,"href":"https:\/\/nyc.uncommonschools.org\/vi\/wp-json\/wp\/v2\/pages\/5298\/revisions"}],"wp:attachment":[{"href":"https:\/\/nyc.uncommonschools.org\/vi\/wp-json\/wp\/v2\/media?parent=5298"}],"curies":[{"name":"wp","href":"https:\/\/api.w.org\/{rel}","templated":true}]}}